{"id":3974,"date":"2024-11-14T14:22:48","date_gmt":"2024-11-14T14:22:48","guid":{"rendered":"https:\/\/castillomuseosancarlos.com\/?page_id=3974"},"modified":"2025-12-02T09:55:51","modified_gmt":"2025-12-02T09:55:51","slug":"actualidad","status":"publish","type":"page","link":"http:\/\/castillomuseosancarlos.com\/en\/actualidad\/","title":{"rendered":"News"},"content":{"rendered":"<div data-elementor-type=\"wp-page\" data-elementor-id=\"3974\" class=\"elementor elementor-3974\" data-elementor-post-type=\"page\">\n\t\t\t\t\t\t<section class=\"elementor-section elementor-top-section elementor-element elementor-element-b4271e1 elementor-section-height-min-height elementor-section-boxed elementor-section-height-default elementor-section-items-middle\" data-id=\"b4271e1\" data-element_type=\"section\" data-settings=\"{&quot;background_background&quot;:&quot;classic&quot;}\">\n\t\t\t\t\t\t\t<div class=\"elementor-background-overlay\"><\/div>\n\t\t\t\t\t\t\t<div class=\"elementor-container elementor-column-gap-default\">\n\t\t\t\t\t<div class=\"elementor-column elementor-col-100 elementor-top-column elementor-element elementor-element-d2c317c\" data-id=\"d2c317c\" data-element_type=\"column\">\n\t\t\t<div class=\"elementor-widget-wrap\">\n\t\t\t\t\t\t\t<\/div>\n\t\t<\/div>\n\t\t\t\t\t<\/div>\n\t\t<\/section>\n\t\t\t\t<section class=\"elementor-section elementor-top-section elementor-element elementor-element-ca3b1e2 elementor-section-boxed elementor-section-height-default elementor-section-height-default\" data-id=\"ca3b1e2\" data-element_type=\"section\" data-settings=\"{&quot;background_background&quot;:&quot;classic&quot;}\">\n\t\t\t\t\t\t<div class=\"elementor-container elementor-column-gap-default\">\n\t\t\t\t\t<div class=\"elementor-column elementor-col-100 elementor-top-column elementor-element elementor-element-63824c7\" data-id=\"63824c7\" data-element_type=\"column\">\n\t\t\t<div class=\"elementor-widget-wrap elementor-element-populated\">\n\t\t\t\t\t\t<section class=\"elementor-section elementor-inner-section elementor-element elementor-element-d9a566e elementor-section-boxed elementor-section-height-default elementor-section-height-default\" data-id=\"d9a566e\" data-element_type=\"section\" data-settings=\"{&quot;background_background&quot;:&quot;classic&quot;}\">\n\t\t\t\t\t\t<div class=\"elementor-container elementor-column-gap-default\">\n\t\t\t\t\t<div class=\"elementor-column elementor-col-100 elementor-inner-column elementor-element elementor-element-529a4fd\" data-id=\"529a4fd\" data-element_type=\"column\" data-settings=\"{&quot;background_background&quot;:&quot;classic&quot;}\">\n\t\t\t<div class=\"elementor-widget-wrap elementor-element-populated\">\n\t\t\t\t\t\t<div class=\"elementor-element elementor-element-6a3d93c elementor-widget elementor-widget-heading\" data-id=\"6a3d93c\" data-element_type=\"widget\" data-widget_type=\"heading.default\">\n\t\t\t\t<div class=\"elementor-widget-container\">\n\t\t\t\t\t<h2 class=\"elementor-heading-title elementor-size-default\">News<\/h2>\t\t\t\t<\/div>\n\t\t\t\t<\/div>\n\t\t\t\t<div class=\"elementor-element elementor-element-e4e0e3b elementor-widget-divider--view-line elementor-widget elementor-widget-divider\" data-id=\"e4e0e3b\" data-element_type=\"widget\" data-settings=\"{&quot;motion_fx_motion_fx_mouse&quot;:&quot;yes&quot;,&quot;_animation&quot;:&quot;none&quot;}\" data-widget_type=\"divider.default\">\n\t\t\t\t<div class=\"elementor-widget-container\">\n\t\t\t\t\t\t\t<div class=\"elementor-divider\">\n\t\t\t<span class=\"elementor-divider-separator\">\n\t\t\t\t\t\t<\/span>\n\t\t<\/div>\n\t\t\t\t\t\t<\/div>\n\t\t\t\t<\/div>\n\t\t\t\t\t<\/div>\n\t\t<\/div>\n\t\t\t\t\t<\/div>\n\t\t<\/section>\n\t\t\t\t\t<\/div>\n\t\t<\/div>\n\t\t\t\t\t<\/div>\n\t\t<\/section>\n\t\t\t\t<section class=\"elementor-section elementor-top-section elementor-element elementor-element-f207bf6 elementor-section-boxed elementor-section-height-default elementor-section-height-default\" data-id=\"f207bf6\" data-element_type=\"section\" data-settings=\"{&quot;background_background&quot;:&quot;classic&quot;}\">\n\t\t\t\t\t\t<div class=\"elementor-container elementor-column-gap-default\">\n\t\t\t\t\t<div class=\"elementor-column elementor-col-100 elementor-top-column elementor-element elementor-element-64b152b0\" data-id=\"64b152b0\" data-element_type=\"column\">\n\t\t\t<div class=\"elementor-widget-wrap elementor-element-populated\">\n\t\t\t\t\t\t<div class=\"elementor-element elementor-element-3fea74af elementor-posts--align-left elementor-grid-1 elementor-widget__width-initial elementor-hidden-tablet elementor-hidden-mobile elementor-grid-tablet-2 elementor-grid-mobile-1 elementor-posts--thumbnail-top elementor-posts__hover-gradient elementor-widget elementor-widget-posts\" data-id=\"3fea74af\" data-element_type=\"widget\" data-settings=\"{&quot;cards_row_gap&quot;:{&quot;unit&quot;:&quot;px&quot;,&quot;size&quot;:&quot;50&quot;,&quot;sizes&quot;:[]},&quot;cards_columns&quot;:&quot;1&quot;,&quot;cards_columns_tablet&quot;:&quot;2&quot;,&quot;cards_columns_mobile&quot;:&quot;1&quot;,&quot;cards_row_gap_tablet&quot;:{&quot;unit&quot;:&quot;px&quot;,&quot;size&quot;:&quot;&quot;,&quot;sizes&quot;:[]},&quot;cards_row_gap_mobile&quot;:{&quot;unit&quot;:&quot;px&quot;,&quot;size&quot;:&quot;&quot;,&quot;sizes&quot;:[]}}\" data-widget_type=\"posts.cards\">\n\t\t\t\t<div class=\"elementor-widget-container\">\n\t\t\t\t\t\t\t<div class=\"elementor-posts-container elementor-posts elementor-posts--skin-cards elementor-grid\">\n\t\t\t\t<article class=\"elementor-post elementor-grid-item post-4587 post type-post status-publish format-image has-post-thumbnail hentry category-esdeveniments category-exhibitions category-exposiciones category-exposicions category-news category-noticias category-noticies post_format-post-format-image\">\n\t\t\t<div class=\"elementor-post__card\">\n\t\t\t\t<a class=\"elementor-post__thumbnail__link\" href=\"http:\/\/castillomuseosancarlos.com\/en\/2026\/04\/01\/exposicion-de-banderas-historicas-de-espana\/\" tabindex=\"-1\" ><div class=\"elementor-post__thumbnail\"><img fetchpriority=\"high\" decoding=\"async\" width=\"1821\" height=\"2560\" src=\"https:\/\/castillomuseosancarlos.com\/wp-content\/uploads\/2026\/04\/Palma_Cartel-IHCM-scaled.jpg\" class=\"attachment-full size-full wp-image-4592\" alt=\"\" srcset=\"https:\/\/castillomuseosancarlos.com\/wp-content\/uploads\/2026\/04\/Palma_Cartel-IHCM-scaled.jpg 1821w, https:\/\/castillomuseosancarlos.com\/wp-content\/uploads\/2026\/04\/Palma_Cartel-IHCM-213x300.jpg 213w, https:\/\/castillomuseosancarlos.com\/wp-content\/uploads\/2026\/04\/Palma_Cartel-IHCM-728x1024.jpg 728w, https:\/\/castillomuseosancarlos.com\/wp-content\/uploads\/2026\/04\/Palma_Cartel-IHCM-768x1080.jpg 768w, https:\/\/castillomuseosancarlos.com\/wp-content\/uploads\/2026\/04\/Palma_Cartel-IHCM-1092x1536.jpg 1092w, https:\/\/castillomuseosancarlos.com\/wp-content\/uploads\/2026\/04\/Palma_Cartel-IHCM-1457x2048.jpg 1457w, https:\/\/castillomuseosancarlos.com\/wp-content\/uploads\/2026\/04\/Palma_Cartel-IHCM-9x12.jpg 9w\" sizes=\"(max-width: 1821px) 100vw, 1821px\" \/><\/div><\/a>\n\t\t\t\t<div class=\"elementor-post__badge\">Esdeveniments<\/div>\n\t\t\t\t<div class=\"elementor-post__text\">\n\t\t\t\t<h4 class=\"elementor-post__title\">\n\t\t\t<a href=\"http:\/\/castillomuseosancarlos.com\/en\/2026\/04\/01\/exposicion-de-banderas-historicas-de-espana\/\" >\n\t\t\t\tExhibition of Historical Flags of Spain\t\t\t<\/a>\n\t\t<\/h4>\n\t\t\t\t<div class=\"elementor-post__excerpt\">\n\t\t\t<p>El Torre\u00f3n del Castillo de San Carlos acoge la exposici\u00f3n temporal \u00abBanderas hist\u00f3ricas de Espa\u00f1a\u00bb del 8 al 25 de abril.Se realizar\u00e1n 2 visitas guiadas<\/p>\n\t\t<\/div>\n\t\t\n\t\t<a class=\"elementor-post__read-more\" href=\"http:\/\/castillomuseosancarlos.com\/en\/2026\/04\/01\/exposicion-de-banderas-historicas-de-espana\/\" aria-label=\"Read more about Exposici\u00f3n de banderas hist\u00f3ricas de Espa\u00f1a\" tabindex=\"-1\" >\n\t\t\tRead more \"\t\t<\/a>\n\n\t\t\t\t<\/div>\n\t\t\t\t<div class=\"elementor-post__meta-data\">\n\t\t\t\t\t<span class=\"elementor-post-date\">\n\t\t\t2026-04-01\t\t<\/span>\n\t\t\t\t<\/div>\n\t\t\t\t\t<\/div>\n\t\t<\/article>\n\t\t\t\t<\/div>\n\t\t\n\t\t\t\t\t\t<\/div>\n\t\t\t\t<\/div>\n\t\t\t\t<div class=\"elementor-element elementor-element-176c3f8 elementor-posts--align-left elementor-grid-3 elementor-grid-tablet-2 elementor-grid-mobile-1 elementor-posts--thumbnail-top elementor-posts__hover-gradient elementor-widget elementor-widget-posts\" data-id=\"176c3f8\" data-element_type=\"widget\" data-settings=\"{&quot;cards_row_gap&quot;:{&quot;unit&quot;:&quot;px&quot;,&quot;size&quot;:&quot;50&quot;,&quot;sizes&quot;:[]},&quot;pagination_type&quot;:&quot;prev_next&quot;,&quot;cards_columns&quot;:&quot;3&quot;,&quot;cards_columns_tablet&quot;:&quot;2&quot;,&quot;cards_columns_mobile&quot;:&quot;1&quot;,&quot;cards_row_gap_tablet&quot;:{&quot;unit&quot;:&quot;px&quot;,&quot;size&quot;:&quot;&quot;,&quot;sizes&quot;:[]},&quot;cards_row_gap_mobile&quot;:{&quot;unit&quot;:&quot;px&quot;,&quot;size&quot;:&quot;&quot;,&quot;sizes&quot;:[]}}\" data-widget_type=\"posts.cards\">\n\t\t\t\t<div class=\"elementor-widget-container\">\n\t\t\t\t\t\t\t<div class=\"elementor-posts-container elementor-posts elementor-posts--skin-cards elementor-grid\">\n\t\t\t\t<article class=\"elementor-post elementor-grid-item post-4587 post type-post status-publish format-image has-post-thumbnail hentry category-esdeveniments category-exhibitions category-exposiciones category-exposicions category-news category-noticias category-noticies post_format-post-format-image\">\n\t\t\t<div class=\"elementor-post__card\">\n\t\t\t\t<a class=\"elementor-post__thumbnail__link\" href=\"http:\/\/castillomuseosancarlos.com\/en\/2026\/04\/01\/exposicion-de-banderas-historicas-de-espana\/\" tabindex=\"-1\" ><div class=\"elementor-post__thumbnail\"><img fetchpriority=\"high\" decoding=\"async\" width=\"1821\" height=\"2560\" src=\"https:\/\/castillomuseosancarlos.com\/wp-content\/uploads\/2026\/04\/Palma_Cartel-IHCM-scaled.jpg\" class=\"attachment-full size-full wp-image-4592\" alt=\"\" srcset=\"https:\/\/castillomuseosancarlos.com\/wp-content\/uploads\/2026\/04\/Palma_Cartel-IHCM-scaled.jpg 1821w, https:\/\/castillomuseosancarlos.com\/wp-content\/uploads\/2026\/04\/Palma_Cartel-IHCM-213x300.jpg 213w, https:\/\/castillomuseosancarlos.com\/wp-content\/uploads\/2026\/04\/Palma_Cartel-IHCM-728x1024.jpg 728w, https:\/\/castillomuseosancarlos.com\/wp-content\/uploads\/2026\/04\/Palma_Cartel-IHCM-768x1080.jpg 768w, https:\/\/castillomuseosancarlos.com\/wp-content\/uploads\/2026\/04\/Palma_Cartel-IHCM-1092x1536.jpg 1092w, https:\/\/castillomuseosancarlos.com\/wp-content\/uploads\/2026\/04\/Palma_Cartel-IHCM-1457x2048.jpg 1457w, https:\/\/castillomuseosancarlos.com\/wp-content\/uploads\/2026\/04\/Palma_Cartel-IHCM-9x12.jpg 9w\" sizes=\"(max-width: 1821px) 100vw, 1821px\" \/><\/div><\/a>\n\t\t\t\t<div class=\"elementor-post__badge\">Esdeveniments<\/div>\n\t\t\t\t<div class=\"elementor-post__text\">\n\t\t\t\t<h4 class=\"elementor-post__title\">\n\t\t\t<a href=\"http:\/\/castillomuseosancarlos.com\/en\/2026\/04\/01\/exposicion-de-banderas-historicas-de-espana\/\" >\n\t\t\t\tExhibition of Historical Flags of Spain\t\t\t<\/a>\n\t\t<\/h4>\n\t\t\t\t<div class=\"elementor-post__excerpt\">\n\t\t\t<p>El Torre\u00f3n del Castillo de San Carlos acoge la exposici\u00f3n temporal \u00abBanderas hist\u00f3ricas de Espa\u00f1a\u00bb del 8 al 25 de abril.Se realizar\u00e1n 2 visitas guiadas<\/p>\n\t\t<\/div>\n\t\t\n\t\t<a class=\"elementor-post__read-more\" href=\"http:\/\/castillomuseosancarlos.com\/en\/2026\/04\/01\/exposicion-de-banderas-historicas-de-espana\/\" aria-label=\"Read more about Exposici\u00f3n de banderas hist\u00f3ricas de Espa\u00f1a\" tabindex=\"-1\" >\n\t\t\tRead more \"\t\t<\/a>\n\n\t\t\t\t<\/div>\n\t\t\t\t<div class=\"elementor-post__meta-data\">\n\t\t\t\t\t<span class=\"elementor-post-date\">\n\t\t\t2026-04-01\t\t<\/span>\n\t\t\t\t<\/div>\n\t\t\t\t\t<\/div>\n\t\t<\/article>\n\t\t\t\t<article class=\"elementor-post elementor-grid-item post-4582 post type-post status-publish format-image has-post-thumbnail hentry category-esdeveniments category-news category-noticias category-noticies post_format-post-format-image\">\n\t\t\t<div class=\"elementor-post__card\">\n\t\t\t\t<a class=\"elementor-post__thumbnail__link\" href=\"http:\/\/castillomuseosancarlos.com\/en\/2026\/03\/26\/horario-semana-santa-abril-2026\/\" tabindex=\"-1\" ><div class=\"elementor-post__thumbnail\"><img decoding=\"async\" width=\"1080\" height=\"1350\" src=\"https:\/\/castillomuseosancarlos.com\/wp-content\/uploads\/2026\/03\/Copia-de-HORARIO.jpg\" class=\"attachment-full size-full wp-image-4583\" alt=\"\" srcset=\"https:\/\/castillomuseosancarlos.com\/wp-content\/uploads\/2026\/03\/Copia-de-HORARIO.jpg 1080w, https:\/\/castillomuseosancarlos.com\/wp-content\/uploads\/2026\/03\/Copia-de-HORARIO-240x300.jpg 240w, https:\/\/castillomuseosancarlos.com\/wp-content\/uploads\/2026\/03\/Copia-de-HORARIO-819x1024.jpg 819w, https:\/\/castillomuseosancarlos.com\/wp-content\/uploads\/2026\/03\/Copia-de-HORARIO-768x960.jpg 768w, https:\/\/castillomuseosancarlos.com\/wp-content\/uploads\/2026\/03\/Copia-de-HORARIO-10x12.jpg 10w\" sizes=\"(max-width: 1080px) 100vw, 1080px\" \/><\/div><\/a>\n\t\t\t\t<div class=\"elementor-post__badge\">Esdeveniments<\/div>\n\t\t\t\t<div class=\"elementor-post__text\">\n\t\t\t\t<h4 class=\"elementor-post__title\">\n\t\t\t<a href=\"http:\/\/castillomuseosancarlos.com\/en\/2026\/03\/26\/horario-semana-santa-abril-2026\/\" >\n\t\t\t\tHoly Week timetable April 2026\t\t\t<\/a>\n\t\t<\/h4>\n\t\t\t\t<div class=\"elementor-post__excerpt\">\n\t\t\t\t\t<\/div>\n\t\t\n\t\t<a class=\"elementor-post__read-more\" href=\"http:\/\/castillomuseosancarlos.com\/en\/2026\/03\/26\/horario-semana-santa-abril-2026\/\" aria-label=\"Read more about Horario Semana Santa abril 2026\" tabindex=\"-1\" >\n\t\t\tRead more \"\t\t<\/a>\n\n\t\t\t\t<\/div>\n\t\t\t\t<div class=\"elementor-post__meta-data\">\n\t\t\t\t\t<span class=\"elementor-post-date\">\n\t\t\t2026-03-26\t\t<\/span>\n\t\t\t\t<\/div>\n\t\t\t\t\t<\/div>\n\t\t<\/article>\n\t\t\t\t<article class=\"elementor-post elementor-grid-item post-4566 post type-post status-publish format-image has-post-thumbnail hentry category-esdeveniments category-news category-noticias category-noticies post_format-post-format-image\">\n\t\t\t<div class=\"elementor-post__card\">\n\t\t\t\t<a class=\"elementor-post__thumbnail__link\" href=\"http:\/\/castillomuseosancarlos.com\/en\/2026\/02\/19\/dia-de-les-illes-balears-2026-os-esperamos-el-sabado-7-de-marzo-para-celebrarlo\/\" tabindex=\"-1\" ><div class=\"elementor-post__thumbnail\"><img decoding=\"async\" width=\"1080\" height=\"1350\" src=\"https:\/\/castillomuseosancarlos.com\/wp-content\/uploads\/2026\/02\/CANCELADO-45-DIB-2026-.png\" class=\"attachment-full size-full wp-image-4576\" alt=\"\" srcset=\"https:\/\/castillomuseosancarlos.com\/wp-content\/uploads\/2026\/02\/CANCELADO-45-DIB-2026-.png 1080w, https:\/\/castillomuseosancarlos.com\/wp-content\/uploads\/2026\/02\/CANCELADO-45-DIB-2026--240x300.png 240w, https:\/\/castillomuseosancarlos.com\/wp-content\/uploads\/2026\/02\/CANCELADO-45-DIB-2026--819x1024.png 819w, https:\/\/castillomuseosancarlos.com\/wp-content\/uploads\/2026\/02\/CANCELADO-45-DIB-2026--768x960.png 768w, https:\/\/castillomuseosancarlos.com\/wp-content\/uploads\/2026\/02\/CANCELADO-45-DIB-2026--10x12.png 10w\" sizes=\"(max-width: 1080px) 100vw, 1080px\" \/><\/div><\/a>\n\t\t\t\t<div class=\"elementor-post__badge\">Esdeveniments<\/div>\n\t\t\t\t<div class=\"elementor-post__text\">\n\t\t\t\t<h4 class=\"elementor-post__title\">\n\t\t\t<a href=\"http:\/\/castillomuseosancarlos.com\/en\/2026\/02\/19\/dia-de-les-illes-balears-2026-os-esperamos-el-sabado-7-de-marzo-para-celebrarlo\/\" >\n\t\t\t\tBalearic Islands Day, we regret to inform you that we are forced to CANCEL all activities scheduled for Saturday the 7th, due to the weather forecast. FREE ENTRY is maintained for that day during the usual hours from 10 a.m. to 2 p.m.\t\t\t<\/a>\n\t\t<\/h4>\n\t\t\t\t<div class=\"elementor-post__excerpt\">\n\t\t\t<p>ENTRADA GRATUITAPROGRAMA DE ACTIVIDADESACTIVIDADES PARA TODOS: De 10.00 a 13.30 horas:- Visita libre al museo- Visitas guiadas, punto encuentro entrada Sala 8. &#8211; Museo vivo:<\/p>\n\t\t<\/div>\n\t\t\n\t\t<a class=\"elementor-post__read-more\" href=\"http:\/\/castillomuseosancarlos.com\/en\/2026\/02\/19\/dia-de-les-illes-balears-2026-os-esperamos-el-sabado-7-de-marzo-para-celebrarlo\/\" aria-label=\"Read more about Dia de les Illes Balears 2026, lamentamos comunicar que nos vemos obligados a CANCELAR todas las actividades previstas para el s\u00e1bado 7, debido a la previsi\u00f3n meteorol\u00f3gica. Se mantiene la ENTRADA GRATUITA para esa jornada en el horario habitual de 10 a 14 horas.\" tabindex=\"-1\" >\n\t\t\tRead more \"\t\t<\/a>\n\n\t\t\t\t<\/div>\n\t\t\t\t<div class=\"elementor-post__meta-data\">\n\t\t\t\t\t<span class=\"elementor-post-date\">\n\t\t\t2026-02-19\t\t<\/span>\n\t\t\t\t<\/div>\n\t\t\t\t\t<\/div>\n\t\t<\/article>\n\t\t\t\t<article class=\"elementor-post elementor-grid-item post-4550 post type-post status-publish format-image has-post-thumbnail hentry category-esdeveniments category-events category-noticias post_format-post-format-image\">\n\t\t\t<div class=\"elementor-post__card\">\n\t\t\t\t<a class=\"elementor-post__thumbnail__link\" href=\"http:\/\/castillomuseosancarlos.com\/en\/2026\/01\/09\/san-sebastian-2026-os-esperamos-el-sabado-24-de-enero-para-celebrarlo\/\" tabindex=\"-1\" ><div class=\"elementor-post__thumbnail\"><img loading=\"lazy\" decoding=\"async\" width=\"1414\" height=\"2000\" src=\"https:\/\/castillomuseosancarlos.com\/wp-content\/uploads\/2026\/01\/Copia-de-San-Sebastian-2026.png\" class=\"attachment-full size-full wp-image-4563\" alt=\"\" srcset=\"https:\/\/castillomuseosancarlos.com\/wp-content\/uploads\/2026\/01\/Copia-de-San-Sebastian-2026.png 1414w, https:\/\/castillomuseosancarlos.com\/wp-content\/uploads\/2026\/01\/Copia-de-San-Sebastian-2026-212x300.png 212w, https:\/\/castillomuseosancarlos.com\/wp-content\/uploads\/2026\/01\/Copia-de-San-Sebastian-2026-724x1024.png 724w, https:\/\/castillomuseosancarlos.com\/wp-content\/uploads\/2026\/01\/Copia-de-San-Sebastian-2026-768x1086.png 768w, https:\/\/castillomuseosancarlos.com\/wp-content\/uploads\/2026\/01\/Copia-de-San-Sebastian-2026-1086x1536.png 1086w, https:\/\/castillomuseosancarlos.com\/wp-content\/uploads\/2026\/01\/Copia-de-San-Sebastian-2026-8x12.png 8w\" sizes=\"(max-width: 1414px) 100vw, 1414px\" \/><\/div><\/a>\n\t\t\t\t<div class=\"elementor-post__badge\">Esdeveniments<\/div>\n\t\t\t\t<div class=\"elementor-post__text\">\n\t\t\t\t<h4 class=\"elementor-post__title\">\n\t\t\t<a href=\"http:\/\/castillomuseosancarlos.com\/en\/2026\/01\/09\/san-sebastian-2026-os-esperamos-el-sabado-24-de-enero-para-celebrarlo\/\" >\n\t\t\t\tSan Sebasti\u00e1n 2026, we look forward to seeing you on Saturday, January 24th to celebrate!!! We inform you that due to the weather forecast for next Saturday, the planned barbecue is canceled. Morning activities will still take place.\t\t\t<\/a>\n\t\t<\/h4>\n\t\t\t\t<div class=\"elementor-post__excerpt\">\n\t\t\t<p>ACTIVITY PROGRAMME ACTIVITIES FOR ALL: From 10.00 a.m. to 1.30 p.m.: Free visit to the museum Guided tours, meeting point at the entrance to Room 8.<\/p>\n\t\t<\/div>\n\t\t\n\t\t<a class=\"elementor-post__read-more\" href=\"http:\/\/castillomuseosancarlos.com\/en\/2026\/01\/09\/san-sebastian-2026-os-esperamos-el-sabado-24-de-enero-para-celebrarlo\/\" aria-label=\"Read more about San Sebasti\u00e1n 2026, os esperamos el s\u00e1bado 24 de enero para celebrarlo!!! Os informamos que debido a las previsiones meteorol\u00f3gicas del pr\u00f3ximo s\u00e1bado, se cancela la torrada prevista. Se mantienen las actividades de la ma\u00f1ana.\" tabindex=\"-1\" >\n\t\t\tRead more \"\t\t<\/a>\n\n\t\t\t\t<\/div>\n\t\t\t\t<div class=\"elementor-post__meta-data\">\n\t\t\t\t\t<span class=\"elementor-post-date\">\n\t\t\t2026-01-09\t\t<\/span>\n\t\t\t\t<\/div>\n\t\t\t\t\t<\/div>\n\t\t<\/article>\n\t\t\t\t<article class=\"elementor-post elementor-grid-item post-4487 post type-post status-publish format-image hentry category-news category-noticias category-noticies post_format-post-format-image\">\n\t\t\t<div class=\"elementor-post__card\">\n\t\t\t\t<div class=\"elementor-post__text\">\n\t\t\t\t<h4 class=\"elementor-post__title\">\n\t\t\t<a href=\"http:\/\/castillomuseosancarlos.com\/en\/2025\/12\/31\/les-informamos-que-a-partir-del-dia-2-de-enero-la-entrada-al-castillo-sera-de-pago\/\" >\n\t\t\t\tWe would like to inform you that from the 2nd of January the entrance to the Castle will be charged.\t\t\t<\/a>\n\t\t<\/h4>\n\t\t\t\t<div class=\"elementor-post__excerpt\">\n\t\t\t<p>You can consult the fares and discounts in the Timetables and prices tab.<\/p>\n\t\t<\/div>\n\t\t\n\t\t<a class=\"elementor-post__read-more\" href=\"http:\/\/castillomuseosancarlos.com\/en\/2025\/12\/31\/les-informamos-que-a-partir-del-dia-2-de-enero-la-entrada-al-castillo-sera-de-pago\/\" aria-label=\"Read more about Les informamos que a partir del d\u00eda 2 de enero la entrada al Castillo ser\u00e1 de pago\" tabindex=\"-1\" >\n\t\t\tRead more \"\t\t<\/a>\n\n\t\t\t\t<\/div>\n\t\t\t\t<div class=\"elementor-post__meta-data\">\n\t\t\t\t\t<span class=\"elementor-post-date\">\n\t\t\t2025-12-31\t\t<\/span>\n\t\t\t\t<\/div>\n\t\t\t\t\t<\/div>\n\t\t<\/article>\n\t\t\t\t<article class=\"elementor-post elementor-grid-item post-4381 post type-post status-publish format-standard hentry category-news category-noticias category-noticies\">\n\t\t\t<div class=\"elementor-post__card\">\n\t\t\t\t<div class=\"elementor-post__text\">\n\t\t\t\t<h4 class=\"elementor-post__title\">\n\t\t\t<a href=\"http:\/\/castillomuseosancarlos.com\/en\/2025\/12\/02\/convocatoria-i-premio-consorcio-castillo-de-san-carlos-a-la-restauracion-del-patrimonio-historico-arquitectonico-balear\/\" >\n\t\t\t\t1st CONSORCIO CASTILLO DE SAN CARLOS AWARD for the Restoration of the Balearic Historical Architectural Heritage\t\t\t<\/a>\n\t\t<\/h4>\n\t\t\t\t<div class=\"elementor-post__excerpt\">\n\t\t\t<p>Applications may be submitted from the day following the publication of this call for applications until 31 March 2026,<\/p>\n\t\t<\/div>\n\t\t\n\t\t<a class=\"elementor-post__read-more\" href=\"http:\/\/castillomuseosancarlos.com\/en\/2025\/12\/02\/convocatoria-i-premio-consorcio-castillo-de-san-carlos-a-la-restauracion-del-patrimonio-historico-arquitectonico-balear\/\" aria-label=\"Read more about CONVOCATORIA I PREMIO CONSORCIO CASTILLO DE SAN CARLOS a la Restauraci\u00f3n del Patrimonio Hist\u00f3rico Arquitect\u00f3nico Balear\" tabindex=\"-1\" >\n\t\t\tRead more \"\t\t<\/a>\n\n\t\t\t\t<\/div>\n\t\t\t\t<div class=\"elementor-post__meta-data\">\n\t\t\t\t\t<span class=\"elementor-post-date\">\n\t\t\t2025-12-02\t\t<\/span>\n\t\t\t\t<\/div>\n\t\t\t\t\t<\/div>\n\t\t<\/article>\n\t\t\t\t<\/div>\n\t\t\n\t\t\t\t<div class=\"e-load-more-anchor\" data-page=\"1\" data-max-page=\"10\" data-next-page=\"http:\/\/castillomuseosancarlos.com\/en\/wp-json\/wp\/v2\/pages\/3974\/page\/2\/\"><\/div>\n\t\t\t\t<nav class=\"elementor-pagination\" aria-label=\"Pagination\">\n\t\t\t<span class=\"page-numbers prev\">\"Previous<\/span>\n<a class=\"page-numbers next\" href=\"http:\/\/castillomuseosancarlos.com\/en\/wp-json\/wp\/v2\/pages\/3974\/page\/2\/\">Next \"<\/a>\t\t<\/nav>\n\t\t\t\t\t\t<\/div>\n\t\t\t\t<\/div>\n\t\t\t\t\t<\/div>\n\t\t<\/div>\n\t\t\t\t\t<\/div>\n\t\t<\/section>\n\t\t\t\t<\/div>","protected":false},"excerpt":{"rendered":"<p>News<\/p>","protected":false},"author":2,"featured_media":0,"parent":0,"menu_order":0,"comment_status":"closed","ping_status":"closed","template":"","meta":{"footnotes":""},"class_list":["post-3974","page","type-page","status-publish","hentry"],"_links":{"self":[{"href":"http:\/\/castillomuseosancarlos.com\/en\/wp-json\/wp\/v2\/pages\/3974","targetHints":{"allow":["GET"]}}],"collection":[{"href":"http:\/\/castillomuseosancarlos.com\/en\/wp-json\/wp\/v2\/pages"}],"about":[{"href":"http:\/\/castillomuseosancarlos.com\/en\/wp-json\/wp\/v2\/types\/page"}],"author":[{"embeddable":true,"href":"http:\/\/castillomuseosancarlos.com\/en\/wp-json\/wp\/v2\/users\/2"}],"replies":[{"embeddable":true,"href":"http:\/\/castillomuseosancarlos.com\/en\/wp-json\/wp\/v2\/comments?post=3974"}],"version-history":[{"count":34,"href":"http:\/\/castillomuseosancarlos.com\/en\/wp-json\/wp\/v2\/pages\/3974\/revisions"}],"predecessor-version":[{"id":4418,"href":"http:\/\/castillomuseosancarlos.com\/en\/wp-json\/wp\/v2\/pages\/3974\/revisions\/4418"}],"wp:attachment":[{"href":"http:\/\/castillomuseosancarlos.com\/en\/wp-json\/wp\/v2\/media?parent=3974"}],"curies":[{"name":"wp","href":"https:\/\/api.w.org\/{rel}","templated":true}]}}