{"id":4438,"date":"2025-12-04T09:11:03","date_gmt":"2025-12-04T09:11:03","guid":{"rendered":"https:\/\/castillomuseosancarlos.com\/?page_id=4438"},"modified":"2025-12-04T09:16:55","modified_gmt":"2025-12-04T09:16:55","slug":"premio-ccsc","status":"publish","type":"page","link":"http:\/\/castillomuseosancarlos.com\/ca\/premio-ccsc\/","title":{"rendered":"Premi CCSC"},"content":{"rendered":"<div data-elementor-type=\"wp-page\" data-elementor-id=\"4438\" class=\"elementor elementor-4438\" data-elementor-post-type=\"page\">\n\t\t\t\t\t\t<section class=\"elementor-section elementor-top-section elementor-element elementor-element-91a8629 elementor-section-height-min-height elementor-section-boxed elementor-section-height-default elementor-section-items-middle\" data-id=\"91a8629\" data-element_type=\"section\" data-settings=\"{&quot;background_background&quot;:&quot;classic&quot;}\">\n\t\t\t\t\t\t\t<div class=\"elementor-background-overlay\"><\/div>\n\t\t\t\t\t\t\t<div class=\"elementor-container elementor-column-gap-default\">\n\t\t\t\t\t<div class=\"elementor-column elementor-col-100 elementor-top-column elementor-element elementor-element-aca5282\" data-id=\"aca5282\" data-element_type=\"column\">\n\t\t\t<div class=\"elementor-widget-wrap elementor-element-populated\">\n\t\t\t\t\t\t<section class=\"elementor-section elementor-inner-section elementor-element elementor-element-bba1ef0 elementor-section-boxed elementor-section-height-default elementor-section-height-default\" data-id=\"bba1ef0\" data-element_type=\"section\">\n\t\t\t\t\t\t<div class=\"elementor-container elementor-column-gap-default\">\n\t\t\t\t\t<div class=\"elementor-column elementor-col-100 elementor-inner-column elementor-element elementor-element-13ef240\" data-id=\"13ef240\" data-element_type=\"column\" data-settings=\"{&quot;background_background&quot;:&quot;classic&quot;}\">\n\t\t\t<div class=\"elementor-widget-wrap elementor-element-populated\">\n\t\t\t\t\t\t<div class=\"elementor-element elementor-element-42a4a4f elementor-widget elementor-widget-heading\" data-id=\"42a4a4f\" data-element_type=\"widget\" data-widget_type=\"heading.default\">\n\t\t\t\t<div class=\"elementor-widget-container\">\n\t\t\t\t\t<h2 class=\"elementor-heading-title elementor-size-default\">CONVOCAT\u00d2RIA I PREMI CONSORCI CASTELL DE SANT CARLES a la Restauraci\u00f3 del Patrimoni Hist\u00f2ric Arquitect\u00f2nic Balear<\/h2>\t\t\t\t<\/div>\n\t\t\t\t<\/div>\n\t\t\t\t\t<\/div>\n\t\t<\/div>\n\t\t\t\t\t<\/div>\n\t\t<\/section>\n\t\t\t\t\t<\/div>\n\t\t<\/div>\n\t\t\t\t\t<\/div>\n\t\t<\/section>\n\t\t\t\t<section class=\"elementor-section elementor-top-section elementor-element elementor-element-5d0e831 elementor-section-boxed elementor-section-height-default elementor-section-height-default\" data-id=\"5d0e831\" data-element_type=\"section\" data-settings=\"{&quot;background_background&quot;:&quot;classic&quot;}\">\n\t\t\t\t\t\t<div class=\"elementor-container elementor-column-gap-default\">\n\t\t\t\t\t<div class=\"elementor-column elementor-col-100 elementor-top-column elementor-element elementor-element-949eb1f\" data-id=\"949eb1f\" data-element_type=\"column\" data-settings=\"{&quot;background_background&quot;:&quot;classic&quot;}\">\n\t\t\t<div class=\"elementor-widget-wrap elementor-element-populated\">\n\t\t\t\t\t\t<div class=\"elementor-element elementor-element-46ae531 elementor-widget elementor-widget-text-editor\" data-id=\"46ae531\" data-element_type=\"widget\" data-widget_type=\"text-editor.default\">\n\t\t\t\t<div class=\"elementor-widget-container\">\n\t\t\t\t\t\t\t\t\t<p>La presentaci\u00f3 de candidatures podr\u00e0 realitzar-se des del dia seg\u00fcent a la publicaci\u00f3 d\u2019aquesta convocat\u00f2ria fins al dia 31 de mar\u00e7 de 2026, i podr\u00e0 fer-se f\u00edsicament al Castell de Sant Carles, per correu postal a l\u2019adre\u00e7a de la seu del CCSC o a les adreces de correu electr\u00f2nic seg\u00fcents:<\/p><p>Crta. Dique del Oest s\/n 07015 Palma \u2013 Illes Balears<\/p><p>castillosancarlos1610@gmail.com<\/p><p>oapo_consorcio_castillo_san_carlos@mde.es<\/p><p><strong>En el archivo adjunto se pueden consultar la convocatoria<\/strong>: <a href=\"https:\/\/castillomuseosancarlos.com\/wp-content\/uploads\/2025\/12\/CONVOCATORIA-I-PREMIO-CCSC-A-LA-RESTAURACION-DEL-PATRIMONIO-HISTORICO-ARTQUITECTONICO.pdf\">CONVOCATORIA<\/a><\/p><p><span data-olk-copy-source=\"MessageBody\">La Junta de Fundadors del Consorci del castell de Sant Carles (CCSC), en la seva reuni\u00f3 anual del 16 de desembre de 2024, va resoldre aprovar la creaci\u00f3 del \u201c<\/span><b><i>PREMI CONSORCI CASTELL DE SANT CARLES<\/i><\/b><i>\"\u00a0<\/i>a la Restauraci\u00f3 del Patrimoni Hist\u00f2ric Arquitect\u00f2nic Balear, que amb una periodicitat biennal pret\u00e9n recon\u00e8ixer la tasca de restauraci\u00f3 realitzada per particulars, amb independ\u00e8ncia de les fonts de finan\u00e7ament.<\/p><p>El Premi s'atorgar\u00e0 com a recompensa i reconeixement a la meritoria tasca dels guardonats manifestada preferentment a trav\u00e9s d'una actuaci\u00f3 feta p\u00fablica o presentada durant els dos anys previs a cada convocat\u00f2ria, o, en casos excepcionals, degudament motivats, com a reconeixement a una traject\u00f2ria.<\/p><p><strong>A l'arxiu adjunt es poden consultar les bases<\/strong>: <a href=\"https:\/\/castillomuseosancarlos.com\/wp-content\/uploads\/2025\/07\/BASES-PREMIO-CCSC-A-LA-RESTURACION-DEL-PATRIMONIO-HISTORICO-ARTQUITECTONICO-1.pdf\">BASES<\/a>\u00a0<\/p>\t\t\t\t\t\t\t\t<\/div>\n\t\t\t\t<\/div>\n\t\t\t\t<div class=\"elementor-element elementor-element-8e579ee elementor-widget elementor-widget-image\" data-id=\"8e579ee\" data-element_type=\"widget\" data-widget_type=\"image.default\">\n\t\t\t\t<div class=\"elementor-widget-container\">\n\t\t\t\t\t\t\t\t\t\t\t\t\t\t\t<img fetchpriority=\"high\" decoding=\"async\" width=\"800\" height=\"667\" src=\"https:\/\/castillomuseosancarlos.com\/wp-content\/uploads\/2024\/11\/img_home_1.jpg\" class=\"attachment-large size-large wp-image-81\" alt=\"\" srcset=\"https:\/\/castillomuseosancarlos.com\/wp-content\/uploads\/2024\/11\/img_home_1.jpg 960w, https:\/\/castillomuseosancarlos.com\/wp-content\/uploads\/2024\/11\/img_home_1-300x250.jpg 300w, https:\/\/castillomuseosancarlos.com\/wp-content\/uploads\/2024\/11\/img_home_1-768x640.jpg 768w\" sizes=\"(max-width: 800px) 100vw, 800px\" \/>\t\t\t\t\t\t\t\t\t\t\t\t\t\t\t<\/div>\n\t\t\t\t<\/div>\n\t\t\t\t\t<\/div>\n\t\t<\/div>\n\t\t\t\t\t<\/div>\n\t\t<\/section>\n\t\t\t\t<\/div>","protected":false},"excerpt":{"rendered":"<p>CONVOCATORIA I PREMIO CONSORCIO CASTILLO DE SAN CARLOS a la Restauraci\u00f3n del Patrimonio Hist\u00f3rico Arquitect\u00f3nico Balear La presentaci\u00f3n de candidaturas podr\u00e1 realizarse desde el d\u00eda siguiente a la publicaci\u00f3n de esta convocatoria y hasta el d\u00eda 31 de marzo de 2026, esta podr\u00e1 hacerse f\u00edsicamente en el Castillo de San Carlos, por correo postal en [&hellip;]<\/p>","protected":false},"author":4,"featured_media":0,"parent":0,"menu_order":0,"comment_status":"closed","ping_status":"closed","template":"","meta":{"footnotes":""},"class_list":["post-4438","page","type-page","status-publish","hentry"],"_links":{"self":[{"href":"http:\/\/castillomuseosancarlos.com\/ca\/wp-json\/wp\/v2\/pages\/4438","targetHints":{"allow":["GET"]}}],"collection":[{"href":"http:\/\/castillomuseosancarlos.com\/ca\/wp-json\/wp\/v2\/pages"}],"about":[{"href":"http:\/\/castillomuseosancarlos.com\/ca\/wp-json\/wp\/v2\/types\/page"}],"author":[{"embeddable":true,"href":"http:\/\/castillomuseosancarlos.com\/ca\/wp-json\/wp\/v2\/users\/4"}],"replies":[{"embeddable":true,"href":"http:\/\/castillomuseosancarlos.com\/ca\/wp-json\/wp\/v2\/comments?post=4438"}],"version-history":[{"count":4,"href":"http:\/\/castillomuseosancarlos.com\/ca\/wp-json\/wp\/v2\/pages\/4438\/revisions"}],"predecessor-version":[{"id":4442,"href":"http:\/\/castillomuseosancarlos.com\/ca\/wp-json\/wp\/v2\/pages\/4438\/revisions\/4442"}],"wp:attachment":[{"href":"http:\/\/castillomuseosancarlos.com\/ca\/wp-json\/wp\/v2\/media?parent=4438"}],"curies":[{"name":"wp","href":"https:\/\/api.w.org\/{rel}","templated":true}]}}