{"id":380,"date":"2024-11-14T10:46:45","date_gmt":"2024-11-14T10:46:45","guid":{"rendered":"https:\/\/castillomuseosancarlos.com\/?page_id=380"},"modified":"2024-12-10T08:48:04","modified_gmt":"2024-12-10T08:48:04","slug":"transparencia","status":"publish","type":"page","link":"http:\/\/castillomuseosancarlos.com\/ca\/transparencia\/","title":{"rendered":"Transpar\u00e8ncia"},"content":{"rendered":"<div data-elementor-type=\"wp-page\" data-elementor-id=\"380\" class=\"elementor elementor-380\" data-elementor-post-type=\"page\">\n\t\t\t\t\t\t<section class=\"elementor-section elementor-top-section elementor-element elementor-element-322db5b8 elementor-section-height-min-height elementor-section-boxed elementor-section-height-default elementor-section-items-middle\" data-id=\"322db5b8\" data-element_type=\"section\" data-settings=\"{&quot;background_background&quot;:&quot;classic&quot;}\">\n\t\t\t\t\t\t\t<div class=\"elementor-background-overlay\"><\/div>\n\t\t\t\t\t\t\t<div class=\"elementor-container elementor-column-gap-default\">\n\t\t\t\t\t<div class=\"elementor-column elementor-col-100 elementor-top-column elementor-element elementor-element-76edf5ee\" data-id=\"76edf5ee\" data-element_type=\"column\">\n\t\t\t<div class=\"elementor-widget-wrap\">\n\t\t\t\t\t\t\t<\/div>\n\t\t<\/div>\n\t\t\t\t\t<\/div>\n\t\t<\/section>\n\t\t\t\t<section class=\"elementor-section elementor-top-section elementor-element elementor-element-2ae5491 elementor-section-boxed elementor-section-height-default elementor-section-height-default\" data-id=\"2ae5491\" data-element_type=\"section\" data-settings=\"{&quot;background_background&quot;:&quot;classic&quot;}\">\n\t\t\t\t\t\t<div class=\"elementor-container elementor-column-gap-default\">\n\t\t\t\t\t<div class=\"elementor-column elementor-col-100 elementor-top-column elementor-element elementor-element-f587db9\" data-id=\"f587db9\" data-element_type=\"column\">\n\t\t\t<div class=\"elementor-widget-wrap elementor-element-populated\">\n\t\t\t\t\t\t<section class=\"elementor-section elementor-inner-section elementor-element elementor-element-95e9589 elementor-section-boxed elementor-section-height-default elementor-section-height-default\" data-id=\"95e9589\" data-element_type=\"section\" data-settings=\"{&quot;background_background&quot;:&quot;classic&quot;}\">\n\t\t\t\t\t\t<div class=\"elementor-container elementor-column-gap-default\">\n\t\t\t\t\t<div class=\"elementor-column elementor-col-100 elementor-inner-column elementor-element elementor-element-fc85c93\" data-id=\"fc85c93\" data-element_type=\"column\" data-settings=\"{&quot;background_background&quot;:&quot;classic&quot;}\">\n\t\t\t<div class=\"elementor-widget-wrap elementor-element-populated\">\n\t\t\t\t\t\t<div class=\"elementor-element elementor-element-0164cad elementor-widget elementor-widget-heading\" data-id=\"0164cad\" data-element_type=\"widget\" data-widget_type=\"heading.default\">\n\t\t\t\t<div class=\"elementor-widget-container\">\n\t\t\t\t\t<h2 class=\"elementor-heading-title elementor-size-default\">Transpar\u00e8ncia<\/h2>\t\t\t\t<\/div>\n\t\t\t\t<\/div>\n\t\t\t\t<div class=\"elementor-element elementor-element-115eb7d elementor-widget-divider--view-line elementor-widget elementor-widget-divider\" data-id=\"115eb7d\" data-element_type=\"widget\" data-settings=\"{&quot;motion_fx_motion_fx_mouse&quot;:&quot;yes&quot;,&quot;_animation&quot;:&quot;none&quot;}\" data-widget_type=\"divider.default\">\n\t\t\t\t<div class=\"elementor-widget-container\">\n\t\t\t\t\t\t\t<div class=\"elementor-divider\">\n\t\t\t<span class=\"elementor-divider-separator\">\n\t\t\t\t\t\t<\/span>\n\t\t<\/div>\n\t\t\t\t\t\t<\/div>\n\t\t\t\t<\/div>\n\t\t\t\t\t<\/div>\n\t\t<\/div>\n\t\t\t\t\t<\/div>\n\t\t<\/section>\n\t\t\t\t\t<\/div>\n\t\t<\/div>\n\t\t\t\t\t<\/div>\n\t\t<\/section>\n\t\t\t\t<section class=\"elementor-section elementor-top-section elementor-element elementor-element-11c466f9 elementor-section-full_width elementor-section-height-default elementor-section-height-default\" data-id=\"11c466f9\" data-element_type=\"section\" data-settings=\"{&quot;background_background&quot;:&quot;classic&quot;}\">\n\t\t\t\t\t\t<div class=\"elementor-container elementor-column-gap-default\">\n\t\t\t\t\t<div class=\"elementor-column elementor-col-100 elementor-top-column elementor-element elementor-element-2a2b0632\" data-id=\"2a2b0632\" data-element_type=\"column\">\n\t\t\t<div class=\"elementor-widget-wrap elementor-element-populated\">\n\t\t\t\t\t\t<section class=\"elementor-section elementor-inner-section elementor-element elementor-element-215251a2 elementor-section-boxed elementor-section-height-default elementor-section-height-default\" data-id=\"215251a2\" data-element_type=\"section\">\n\t\t\t\t\t\t<div class=\"elementor-container elementor-column-gap-default\">\n\t\t\t\t\t<div class=\"elementor-column elementor-col-100 elementor-inner-column elementor-element elementor-element-d3c22c8\" data-id=\"d3c22c8\" data-element_type=\"column\">\n\t\t\t<div class=\"elementor-widget-wrap elementor-element-populated\">\n\t\t\t\t\t\t<div class=\"elementor-element elementor-element-47a48ad9 elementor-widget elementor-widget-text-editor\" data-id=\"47a48ad9\" data-element_type=\"widget\" data-widget_type=\"text-editor.default\">\n\t\t\t\t<div class=\"elementor-widget-container\">\n\t\t\t\t\t\t\t\t\t<p>L'article 136.2 de la Llei 47\/2003, de 26 de novembre, General Pressupost\u00e0ria estableix que la Intervenci\u00f3 General de l'Administraci\u00f3 de l'Estat publicar\u00e0 al \u201cRegistre de comptes anuals del sector p\u00fablic\u201d els comptes anuals de les entitats integrants del sector p\u00fablic estatal . La informaci\u00f3 es pot consultar al seg\u00fcent enlla\u00e7\u00a0<a href=\"https:\/\/www.pap.hacienda.gob.es\/Recuenta\/Views\/Cuentas.aspx?sector=%202\" target=\"_blank\" rel=\"nofollow noopener\">Visor comptes sector p\u00fablic<\/a><\/p>\t\t\t\t\t\t\t\t<\/div>\n\t\t\t\t<\/div>\n\t\t\t\t\t<\/div>\n\t\t<\/div>\n\t\t\t\t\t<\/div>\n\t\t<\/section>\n\t\t\t\t\t<\/div>\n\t\t<\/div>\n\t\t\t\t\t<\/div>\n\t\t<\/section>\n\t\t\t\t<\/div>","protected":false},"excerpt":{"rendered":"<p>Transparencia El art\u00edculo 136.2 de la Ley 47\/2003, de 26 de noviembre, General Presupuestaria establece que la Intervenci\u00f3n General de la Administraci\u00f3n del Estado publicar\u00e1 en el \u201cRegistro de cuentas anuales del sector p\u00fablico\u201d las cuentas anuales de las entidades integrantes del sector p\u00fablico estatal. La informaci\u00f3n puede consultarse en el siguiente enlace\u00a0Visor cuentas sector [&hellip;]<\/p>","protected":false},"author":2,"featured_media":0,"parent":0,"menu_order":0,"comment_status":"closed","ping_status":"closed","template":"","meta":{"footnotes":""},"class_list":["post-380","page","type-page","status-publish","hentry"],"_links":{"self":[{"href":"http:\/\/castillomuseosancarlos.com\/ca\/wp-json\/wp\/v2\/pages\/380","targetHints":{"allow":["GET"]}}],"collection":[{"href":"http:\/\/castillomuseosancarlos.com\/ca\/wp-json\/wp\/v2\/pages"}],"about":[{"href":"http:\/\/castillomuseosancarlos.com\/ca\/wp-json\/wp\/v2\/types\/page"}],"author":[{"embeddable":true,"href":"http:\/\/castillomuseosancarlos.com\/ca\/wp-json\/wp\/v2\/users\/2"}],"replies":[{"embeddable":true,"href":"http:\/\/castillomuseosancarlos.com\/ca\/wp-json\/wp\/v2\/comments?post=380"}],"version-history":[{"count":14,"href":"http:\/\/castillomuseosancarlos.com\/ca\/wp-json\/wp\/v2\/pages\/380\/revisions"}],"predecessor-version":[{"id":4178,"href":"http:\/\/castillomuseosancarlos.com\/ca\/wp-json\/wp\/v2\/pages\/380\/revisions\/4178"}],"wp:attachment":[{"href":"http:\/\/castillomuseosancarlos.com\/ca\/wp-json\/wp\/v2\/media?parent=380"}],"curies":[{"name":"wp","href":"https:\/\/api.w.org\/{rel}","templated":true}]}}